{"id":12,"date":"2021-09-21T06:33:33","date_gmt":"2021-09-21T06:33:33","guid":{"rendered":"https:\/\/savovietnam.com\/?page_id=12"},"modified":"2024-02-18T06:35:02","modified_gmt":"2024-02-18T06:35:02","slug":"dich-vu","status":"publish","type":"page","link":"https:\/\/savovietnam.com\/index.php\/dich-vu\/","title":{"rendered":"D\u1ecbch v\u1ee5"},"content":{"rendered":"\t\t<div data-elementor-type=\"wp-page\" data-elementor-id=\"12\" class=\"elementor elementor-12\" data-elementor-settings=\"[]\">\n\t\t\t\t\t\t\t<div class=\"elementor-section-wrap\">\n\t\t\t\t\t\t\t<section class=\"elementor-section elementor-top-section elementor-element elementor-element-5cdcce2 elementor-section-full_width elementor-section-height-default elementor-section-height-default\" data-id=\"5cdcce2\" data-element_type=\"section\">\n\t\t\t\t\t\t<div class=\"elementor-container elementor-column-gap-no\">\n\t\t\t\t\t<div class=\"elementor-column elementor-col-100 elementor-top-column elementor-element elementor-element-1c903297\" data-id=\"1c903297\" data-element_type=\"column\">\n\t\t\t<div class=\"elementor-widget-wrap elementor-element-populated\">\n\t\t\t\t\t\t\t\t<div class=\"elementor-element elementor-element-211f43a1 elementor-widget elementor-widget-image\" data-id=\"211f43a1\" data-element_type=\"widget\" data-widget_type=\"image.default\">\n\t\t\t\t<div class=\"elementor-widget-container\">\n\t\t\t\t\t\t\t\t\t\t\t\t\t\t\t<img loading=\"lazy\" decoding=\"async\" width=\"1024\" height=\"228\" src=\"https:\/\/savovietnam.com\/wp-content\/uploads\/2021\/09\/clouds2-1024x228.png\" class=\"attachment-large size-large\" alt=\"\" srcset=\"https:\/\/savovietnam.com\/wp-content\/uploads\/2021\/09\/clouds2-1024x228.png 1024w, https:\/\/savovietnam.com\/wp-content\/uploads\/2021\/09\/clouds2-300x67.png 300w, https:\/\/savovietnam.com\/wp-content\/uploads\/2021\/09\/clouds2-768x171.png 768w, https:\/\/savovietnam.com\/wp-content\/uploads\/2021\/09\/clouds2.png 1200w\" sizes=\"auto, (max-width: 1024px) 100vw, 1024px\" \/>\t\t\t\t\t\t\t\t\t\t\t\t\t\t\t<\/div>\n\t\t\t\t<\/div>\n\t\t\t\t\t<\/div>\n\t\t<\/div>\n\t\t\t\t\t\t\t<\/div>\n\t\t<\/section>\n\t\t\t\t<section class=\"elementor-section elementor-top-section elementor-element elementor-element-5fdf8dc elementor-section-full_width elementor-section-height-default elementor-section-height-default\" data-id=\"5fdf8dc\" data-element_type=\"section\">\n\t\t\t\t\t\t<div class=\"elementor-container elementor-column-gap-no\">\n\t\t\t\t\t<div class=\"elementor-column elementor-col-100 elementor-top-column elementor-element elementor-element-da0f5b9\" data-id=\"da0f5b9\" data-element_type=\"column\">\n\t\t\t<div class=\"elementor-widget-wrap elementor-element-populated\">\n\t\t\t\t\t\t\t\t<div class=\"elementor-element elementor-element-68aa0cd7 elementor-widget elementor-widget-image\" data-id=\"68aa0cd7\" data-element_type=\"widget\" data-widget_type=\"image.default\">\n\t\t\t\t<div class=\"elementor-widget-container\">\n\t\t\t\t\t\t\t\t\t\t\t\t\t\t\t<img loading=\"lazy\" decoding=\"async\" width=\"1024\" height=\"228\" src=\"https:\/\/savovietnam.com\/wp-content\/uploads\/2021\/09\/clouds2-1024x228.png\" class=\"attachment-large size-large\" alt=\"\" srcset=\"https:\/\/savovietnam.com\/wp-content\/uploads\/2021\/09\/clouds2-1024x228.png 1024w, https:\/\/savovietnam.com\/wp-content\/uploads\/2021\/09\/clouds2-300x67.png 300w, https:\/\/savovietnam.com\/wp-content\/uploads\/2021\/09\/clouds2-768x171.png 768w, https:\/\/savovietnam.com\/wp-content\/uploads\/2021\/09\/clouds2.png 1200w\" sizes=\"auto, (max-width: 1024px) 100vw, 1024px\" \/>\t\t\t\t\t\t\t\t\t\t\t\t\t\t\t<\/div>\n\t\t\t\t<\/div>\n\t\t\t\t\t<\/div>\n\t\t<\/div>\n\t\t\t\t\t\t\t<\/div>\n\t\t<\/section>\n\t\t\t\t<header class=\"elementor-section elementor-top-section elementor-element elementor-element-5478d65b elementor-section-boxed elementor-section-height-default elementor-section-height-default\" data-id=\"5478d65b\" data-element_type=\"section\" data-settings=\"{&quot;background_background&quot;:&quot;classic&quot;}\">\n\t\t\t\t\t\t\t<div class=\"elementor-background-overlay\"><\/div>\n\t\t\t\t\t\t\t<div class=\"elementor-container elementor-column-gap-default\">\n\t\t\t\t\t<div class=\"elementor-column elementor-col-50 elementor-top-column elementor-element elementor-element-6dbb9d47\" data-id=\"6dbb9d47\" data-element_type=\"column\">\n\t\t\t<div class=\"elementor-widget-wrap elementor-element-populated\">\n\t\t\t\t\t\t\t\t<div class=\"elementor-element elementor-element-47ef17c7 elementor-widget-divider--view-line_text elementor-widget-divider--element-align-left elementor-widget-divider--separator-type-pattern elementor-widget elementor-widget-divider\" data-id=\"47ef17c7\" data-element_type=\"widget\" data-widget_type=\"divider.default\">\n\t\t\t\t<div class=\"elementor-widget-container\">\n\t\t\t\t\t<div class=\"elementor-divider\" style=\"--divider-pattern-url: url(&quot;data:image\/svg+xml,%3Csvg xmlns=&#039;http:\/\/www.w3.org\/2000\/svg&#039; preserveAspectRatio=&#039;none&#039; overflow=&#039;visible&#039; height=&#039;100%&#039; viewBox=&#039;0 0 24 24&#039; fill=&#039;none&#039; stroke=&#039;black&#039; stroke-width=&#039;2.3&#039; stroke-linecap=&#039;square&#039; stroke-miterlimit=&#039;10&#039;%3E%3Cpath d=&#039;M0,6c6,0,0.9,11.1,6.9,11.1S18,6,24,6&#039;\/%3E%3C\/svg%3E&quot;);\">\n\t\t\t<span class=\"elementor-divider-separator\">\n\t\t\t\t\t\t\t<span class=\"elementor-divider__text elementor-divider__element\">\n\t\t\t\tquickly repaire\t\t\t\t<\/span>\n\t\t\t\t\t\t<\/span>\n\t\t<\/div>\n\t\t\t\t<\/div>\n\t\t\t\t<\/div>\n\t\t\t\t<div class=\"elementor-element elementor-element-66c2b929 elementor-widget elementor-widget-heading\" data-id=\"66c2b929\" data-element_type=\"widget\" data-widget_type=\"heading.default\">\n\t\t\t\t<div class=\"elementor-widget-container\">\n\t\t\t<h1 class=\"elementor-heading-title elementor-size-default\">Spindle head bearing change<\/h1>\t\t<\/div>\n\t\t\t\t<\/div>\n\t\t\t\t<div class=\"elementor-element elementor-element-360724b8 elementor-widget__width-initial elementor-widget-divider--view-line elementor-widget elementor-widget-divider\" data-id=\"360724b8\" data-element_type=\"widget\" data-widget_type=\"divider.default\">\n\t\t\t\t<div class=\"elementor-widget-container\">\n\t\t\t\t\t<div class=\"elementor-divider\">\n\t\t\t<span class=\"elementor-divider-separator\">\n\t\t\t\t\t\t<\/span>\n\t\t<\/div>\n\t\t\t\t<\/div>\n\t\t\t\t<\/div>\n\t\t\t\t<div class=\"elementor-element elementor-element-8c9da18 elementor-widget__width-initial elementor-widget-divider--view-line elementor-widget elementor-widget-divider\" data-id=\"8c9da18\" data-element_type=\"widget\" data-widget_type=\"divider.default\">\n\t\t\t\t<div class=\"elementor-widget-container\">\n\t\t\t\t\t<div class=\"elementor-divider\">\n\t\t\t<span class=\"elementor-divider-separator\">\n\t\t\t\t\t\t<\/span>\n\t\t<\/div>\n\t\t\t\t<\/div>\n\t\t\t\t<\/div>\n\t\t\t\t<div class=\"elementor-element elementor-element-2431109f elementor-widget elementor-widget-text-editor\" data-id=\"2431109f\" data-element_type=\"widget\" data-widget_type=\"text-editor.default\">\n\t\t\t\t<div class=\"elementor-widget-container\">\n\t\t\t\t\t\t\t<p>Thay th\u1ebf v\u00f2ng bi tr\u1ee5c ch\u00ednh l\u00e0 h\u1ea1ng m\u1ee5c c\u1ea7n th\u1ef1c hi\u1ec7n s\u1edbm \u0111\u1ec3 h\u1ea1n ch\u1ebf h\u01b0 n\u1eb7ng th\u00eam c\u00e1c h\u1ea1ng m\u1ee5c kh\u00e1c nh\u01b0 k\u1eb9p r\u00fat, b\u00e1nh r\u0103ng, h\u1ea1n ch\u1ebf h\u01b0 h\u1ebft c\u00e1c v\u00f2ng bi li\u00ean quan..<\/p><p><img loading=\"lazy\" decoding=\"async\" class=\" wp-image-9976 aligncenter\" src=\"http:\/\/savovietnam.com\/wp-content\/uploads\/2024\/02\/ccccc-225x300.jpg\" alt=\"\" width=\"428\" height=\"571\" srcset=\"https:\/\/savovietnam.com\/wp-content\/uploads\/2024\/02\/ccccc-225x300.jpg 225w, https:\/\/savovietnam.com\/wp-content\/uploads\/2024\/02\/ccccc-768x1024.jpg 768w, https:\/\/savovietnam.com\/wp-content\/uploads\/2024\/02\/ccccc-1152x1536.jpg 1152w, https:\/\/savovietnam.com\/wp-content\/uploads\/2024\/02\/ccccc-1536x2048.jpg 1536w, https:\/\/savovietnam.com\/wp-content\/uploads\/2024\/02\/ccccc.jpg 1920w\" sizes=\"auto, (max-width: 428px) 100vw, 428px\" \/>.<\/p>\t\t\t\t\t\t<\/div>\n\t\t\t\t<\/div>\n\t\t\t\t\t<\/div>\n\t\t<\/div>\n\t\t\t\t<div class=\"elementor-column elementor-col-50 elementor-top-column elementor-element elementor-element-119aace\" data-id=\"119aace\" data-element_type=\"column\" data-settings=\"{&quot;background_background&quot;:&quot;classic&quot;}\">\n\t\t\t<div class=\"elementor-widget-wrap elementor-element-populated\">\n\t\t\t\t\t\t\t\t<div class=\"elementor-element elementor-element-7f62d1cb elementor-widget elementor-widget-heading\" data-id=\"7f62d1cb\" data-element_type=\"widget\" data-widget_type=\"heading.default\">\n\t\t\t\t<div class=\"elementor-widget-container\">\n\t\t\t<h2 class=\"elementor-heading-title elementor-size-default\">x\u1eed l\u00fd theo lo\u1ea1i<\/h2>\t\t<\/div>\n\t\t\t\t<\/div>\n\t\t\t\t<div class=\"elementor-element elementor-element-9de4ba elementor-widget elementor-widget-text-editor\" data-id=\"9de4ba\" data-element_type=\"widget\" data-widget_type=\"text-editor.default\">\n\t\t\t\t<div class=\"elementor-widget-container\">\n\t\t\t\t\t\t\t<p>C\u00f3 m\u1ed9t s\u1ed1 lo\u1ea1i tr\u1ee5c ch\u00ednh kh\u00e1c nhau d\u1ee5a tr\u00ean k\u1ebft c\u1ea5u, t\u1ed1c \u0111\u1ed9: tr\u1ee5c ch\u00ednh buit-in, tr\u1ee5c ch\u00ednh d\u00e2y \u0111ai, tr\u1ee5c ch\u00ednh b\u00e1nh r\u0103ng, tr\u1ee5c ch\u00ednh \u0111\u1ed3ng tr\u1ee5c&#8230;<span style=\"font-style: inherit; font-weight: inherit;\">.<\/span><\/p>\t\t\t\t\t\t<\/div>\n\t\t\t\t<\/div>\n\t\t\t\t<section class=\"elementor-section elementor-inner-section elementor-element elementor-element-14d431a0 elementor-section-boxed elementor-section-height-default elementor-section-height-default\" data-id=\"14d431a0\" data-element_type=\"section\">\n\t\t\t\t\t\t<div class=\"elementor-container elementor-column-gap-default\">\n\t\t\t\t\t<div class=\"elementor-column elementor-col-50 elementor-inner-column elementor-element elementor-element-3ed06aa1\" data-id=\"3ed06aa1\" data-element_type=\"column\" data-settings=\"{&quot;background_background&quot;:&quot;classic&quot;}\">\n\t\t\t<div class=\"elementor-widget-wrap elementor-element-populated\">\n\t\t\t\t\t\t\t\t<div class=\"elementor-element elementor-element-4a91553b elementor-view-default elementor-widget elementor-widget-icon\" data-id=\"4a91553b\" data-element_type=\"widget\" data-widget_type=\"icon.default\">\n\t\t\t\t<div class=\"elementor-widget-container\">\n\t\t\t\t\t<div class=\"elementor-icon-wrapper\">\n\t\t\t<div class=\"elementor-icon\">\n\t\t\t\t\t\t<\/div>\n\t\t<\/div>\n\t\t\t\t<\/div>\n\t\t\t\t<\/div>\n\t\t\t\t<div class=\"elementor-element elementor-element-37dd5884 elementor-widget elementor-widget-heading\" data-id=\"37dd5884\" data-element_type=\"widget\" data-widget_type=\"heading.default\">\n\t\t\t\t<div class=\"elementor-widget-container\">\n\t\t\t<h3 class=\"elementor-heading-title elementor-size-default\">built-in spindle<\/h3>\t\t<\/div>\n\t\t\t\t<\/div>\n\t\t\t\t<div class=\"elementor-element elementor-element-5a516b50 elementor-widget__width-initial elementor-widget-divider--view-line elementor-widget elementor-widget-divider\" data-id=\"5a516b50\" data-element_type=\"widget\" data-widget_type=\"divider.default\">\n\t\t\t\t<div class=\"elementor-widget-container\">\n\t\t\t\t\t<div class=\"elementor-divider\">\n\t\t\t<span class=\"elementor-divider-separator\">\n\t\t\t\t\t\t<\/span>\n\t\t<\/div>\n\t\t\t\t<\/div>\n\t\t\t\t<\/div>\n\t\t\t\t<div class=\"elementor-element elementor-element-7faa1c5b elementor-widget elementor-widget-text-editor\" data-id=\"7faa1c5b\" data-element_type=\"widget\" data-widget_type=\"text-editor.default\">\n\t\t\t\t<div class=\"elementor-widget-container\">\n\t\t\t\t\t\t\t<p>tr\u1ee5c ch\u00ednh built-in th\u01b0\u1eddng ch\u1ea1y t\u1ed1c \u0111\u1ed9 cao<\/p><p>C\u1ea7n th\u00e1o b\u1ed9 ph\u1eadn k\u1eb9p nh\u1ea3, h\u1ea1 ph\u1ea7n r\u00f4-to, \u00e9p v\u00f2ng bi ra b\u1eb1ng m\u00e1y \u00e9p.<\/p><p>qu\u00e1 tr\u00ednh l\u1eafp l\u1ea1i c\u1ea7n nung nhi\u1ec7t v\u00f2ng bi, nhi\u1ec7t v\u00f2ng ch\u1eb7n, ch\u00ednh l\u1ef1c \u00e9p<\/p>\t\t\t\t\t\t<\/div>\n\t\t\t\t<\/div>\n\t\t\t\t\t<\/div>\n\t\t<\/div>\n\t\t\t\t<div class=\"elementor-column elementor-col-50 elementor-inner-column elementor-element elementor-element-85f58ae\" data-id=\"85f58ae\" data-element_type=\"column\" data-settings=\"{&quot;background_background&quot;:&quot;classic&quot;}\">\n\t\t\t<div class=\"elementor-widget-wrap elementor-element-populated\">\n\t\t\t\t\t\t\t\t<div class=\"elementor-element elementor-element-2d3a7555 elementor-view-default elementor-widget elementor-widget-icon\" data-id=\"2d3a7555\" data-element_type=\"widget\" data-widget_type=\"icon.default\">\n\t\t\t\t<div class=\"elementor-widget-container\">\n\t\t\t\t\t<div class=\"elementor-icon-wrapper\">\n\t\t\t<div class=\"elementor-icon\">\n\t\t\t\t\t\t<\/div>\n\t\t<\/div>\n\t\t\t\t<\/div>\n\t\t\t\t<\/div>\n\t\t\t\t<div class=\"elementor-element elementor-element-167a2e94 elementor-widget elementor-widget-heading\" data-id=\"167a2e94\" data-element_type=\"widget\" data-widget_type=\"heading.default\">\n\t\t\t\t<div class=\"elementor-widget-container\">\n\t\t\t<h3 class=\"elementor-heading-title elementor-size-default\">Spindle with gear<\/h3>\t\t<\/div>\n\t\t\t\t<\/div>\n\t\t\t\t<div class=\"elementor-element elementor-element-7351b585 elementor-widget__width-initial elementor-widget-divider--view-line elementor-widget elementor-widget-divider\" data-id=\"7351b585\" data-element_type=\"widget\" data-widget_type=\"divider.default\">\n\t\t\t\t<div class=\"elementor-widget-container\">\n\t\t\t\t\t<div class=\"elementor-divider\">\n\t\t\t<span class=\"elementor-divider-separator\">\n\t\t\t\t\t\t<\/span>\n\t\t<\/div>\n\t\t\t\t<\/div>\n\t\t\t\t<\/div>\n\t\t\t\t<div class=\"elementor-element elementor-element-70f15e62 elementor-widget elementor-widget-text-editor\" data-id=\"70f15e62\" data-element_type=\"widget\" data-widget_type=\"text-editor.default\">\n\t\t\t\t<div class=\"elementor-widget-container\">\n\t\t\t\t\t\t\t<p>Tr\u1ee5c ch\u00ednh c\u00f3 b\u00e1nh r\u0103ng s\u1ebd c\u00f3 k\u1ebft c\u1ea5u chuy\u1ec3n c\u1ea5p gi\u1eefa c\u1ea5p th\u1ea5p v\u00e0 c\u1ea5p cao. Ph\u1ea7n ch\u00ednh c\u1ee7a tr\u1ee5c ch\u00ednh c\u1ea7n th\u00e1o r\u1eddi b\u00e1nh r\u0103ng li\u00ean k\u1ebft v\u00e0 h\u1ea1 xu\u1ed1ng. Ph\u1ea7n n\u00e0y c\u1ea7n th\u00e1o \u0111ai \u1ed1c ch\u1eb7n ho\u1eb7c \u00e9p bi ra d\u00f9ng m\u00e1y \u00e9p<\/p>\t\t\t\t\t\t<\/div>\n\t\t\t\t<\/div>\n\t\t\t\t\t<\/div>\n\t\t<\/div>\n\t\t\t\t\t\t\t<\/div>\n\t\t<\/section>\n\t\t\t\t\t<\/div>\n\t\t<\/div>\n\t\t\t\t\t\t\t<\/div>\n\t\t<\/header>\n\t\t\t\t<section class=\"elementor-section elementor-top-section elementor-element elementor-element-a6d9529 elementor-section-full_width elementor-section-height-default elementor-section-height-default\" data-id=\"a6d9529\" data-element_type=\"section\">\n\t\t\t\t\t\t<div class=\"elementor-container elementor-column-gap-no\">\n\t\t\t\t\t<div class=\"elementor-column elementor-col-100 elementor-top-column elementor-element elementor-element-5ed170a\" data-id=\"5ed170a\" data-element_type=\"column\">\n\t\t\t<div class=\"elementor-widget-wrap elementor-element-populated\">\n\t\t\t\t\t\t\t\t<div class=\"elementor-element elementor-element-79d12a8a elementor-widget elementor-widget-image\" data-id=\"79d12a8a\" data-element_type=\"widget\" data-widget_type=\"image.default\">\n\t\t\t\t<div class=\"elementor-widget-container\">\n\t\t\t\t\t\t\t\t\t\t\t\t\t\t\t<img loading=\"lazy\" decoding=\"async\" width=\"1024\" height=\"228\" src=\"https:\/\/savovietnam.com\/wp-content\/uploads\/2021\/09\/clouds2-1024x228.png\" class=\"attachment-large size-large\" alt=\"\" srcset=\"https:\/\/savovietnam.com\/wp-content\/uploads\/2021\/09\/clouds2-1024x228.png 1024w, https:\/\/savovietnam.com\/wp-content\/uploads\/2021\/09\/clouds2-300x67.png 300w, https:\/\/savovietnam.com\/wp-content\/uploads\/2021\/09\/clouds2-768x171.png 768w, https:\/\/savovietnam.com\/wp-content\/uploads\/2021\/09\/clouds2.png 1200w\" sizes=\"auto, (max-width: 1024px) 100vw, 1024px\" \/>\t\t\t\t\t\t\t\t\t\t\t\t\t\t\t<\/div>\n\t\t\t\t<\/div>\n\t\t\t\t\t<\/div>\n\t\t<\/div>\n\t\t\t\t\t\t\t<\/div>\n\t\t<\/section>\n\t\t\t\t<section class=\"elementor-section elementor-top-section elementor-element elementor-element-7ce63c39 elementor-section-boxed elementor-section-height-default elementor-section-height-default\" data-id=\"7ce63c39\" data-element_type=\"section\" data-settings=\"{&quot;background_background&quot;:&quot;classic&quot;}\">\n\t\t\t\t\t\t<div class=\"elementor-container elementor-column-gap-default\">\n\t\t\t\t\t<div class=\"elementor-column elementor-col-50 elementor-top-column elementor-element elementor-element-40ac3df1\" data-id=\"40ac3df1\" data-element_type=\"column\" data-settings=\"{&quot;background_background&quot;:&quot;classic&quot;}\">\n\t\t\t<div class=\"elementor-widget-wrap elementor-element-populated\">\n\t\t\t\t\t\t\t\t<div class=\"elementor-element elementor-element-7d7e0065 elementor-widget elementor-widget-image\" data-id=\"7d7e0065\" data-element_type=\"widget\" data-widget_type=\"image.default\">\n\t\t\t\t<div class=\"elementor-widget-container\">\n\t\t\t\t\t\t\t\t\t\t\t\t\t\t\t<img loading=\"lazy\" decoding=\"async\" width=\"768\" height=\"1024\" src=\"https:\/\/savovietnam.com\/wp-content\/uploads\/2024\/02\/bbbb-768x1024.jpg\" class=\"attachment-large size-large\" alt=\"\" srcset=\"https:\/\/savovietnam.com\/wp-content\/uploads\/2024\/02\/bbbb-768x1024.jpg 768w, https:\/\/savovietnam.com\/wp-content\/uploads\/2024\/02\/bbbb-225x300.jpg 225w, https:\/\/savovietnam.com\/wp-content\/uploads\/2024\/02\/bbbb-1152x1536.jpg 1152w, https:\/\/savovietnam.com\/wp-content\/uploads\/2024\/02\/bbbb-1536x2048.jpg 1536w, https:\/\/savovietnam.com\/wp-content\/uploads\/2024\/02\/bbbb.jpg 1920w\" sizes=\"auto, (max-width: 768px) 100vw, 768px\" \/>\t\t\t\t\t\t\t\t\t\t\t\t\t\t\t<\/div>\n\t\t\t\t<\/div>\n\t\t\t\t\t<\/div>\n\t\t<\/div>\n\t\t\t\t<div class=\"elementor-column elementor-col-50 elementor-top-column elementor-element elementor-element-697c1aeb\" data-id=\"697c1aeb\" data-element_type=\"column\">\n\t\t\t<div class=\"elementor-widget-wrap elementor-element-populated\">\n\t\t\t\t\t\t\t\t<div class=\"elementor-element elementor-element-10576e2e elementor-widget-divider--view-line_text elementor-widget-divider--element-align-left elementor-widget-divider--separator-type-pattern elementor-widget elementor-widget-divider\" data-id=\"10576e2e\" data-element_type=\"widget\" data-widget_type=\"divider.default\">\n\t\t\t\t<div class=\"elementor-widget-container\">\n\t\t\t\t\t<div class=\"elementor-divider\" style=\"--divider-pattern-url: url(&quot;data:image\/svg+xml,%3Csvg xmlns=&#039;http:\/\/www.w3.org\/2000\/svg&#039; preserveAspectRatio=&#039;none&#039; overflow=&#039;visible&#039; height=&#039;100%&#039; viewBox=&#039;0 0 24 24&#039; fill=&#039;none&#039; stroke=&#039;black&#039; stroke-width=&#039;2.3&#039; stroke-linecap=&#039;square&#039; stroke-miterlimit=&#039;10&#039;%3E%3Cpath d=&#039;M0,6c6,0,0.9,11.1,6.9,11.1S18,6,24,6&#039;\/%3E%3C\/svg%3E&quot;);\">\n\t\t\t<span class=\"elementor-divider-separator\">\n\t\t\t\t\t\t\t<span class=\"elementor-divider__text elementor-divider__element\">\n\t\t\t\tQuickly repaire\t\t\t\t<\/span>\n\t\t\t\t\t\t<\/span>\n\t\t<\/div>\n\t\t\t\t<\/div>\n\t\t\t\t<\/div>\n\t\t\t\t<div class=\"elementor-element elementor-element-2412490f elementor-widget elementor-widget-heading\" data-id=\"2412490f\" data-element_type=\"widget\" data-widget_type=\"heading.default\">\n\t\t\t\t<div class=\"elementor-widget-container\">\n\t\t\t<h2 class=\"elementor-heading-title elementor-size-default\">System control with electric board fault<\/h2>\t\t<\/div>\n\t\t\t\t<\/div>\n\t\t\t\t<div class=\"elementor-element elementor-element-64a09a14 elementor-widget elementor-widget-text-editor\" data-id=\"64a09a14\" data-element_type=\"widget\" data-widget_type=\"text-editor.default\">\n\t\t\t\t<div class=\"elementor-widget-container\">\n\t\t\t\t\t\t\t<p>M\u00e1y \u0111\u01b0\u1ee3c \u0111i\u1ec1u khi\u1ec3n b\u1eb1ng m\u1ed9t h\u1ec7 th\u1ed1ng board m\u1ea1ch v\u00e0 ph\u1ea7n m\u1ec1m ph\u1ee9c t\u1ea1p, c\u00f9ng v\u1edbi h\u1ec7 th\u1ed1ng \u0111i\u1ec7n \u0111i\u1ec1u khi\u1ec3n r\u1eafc r\u1ed3i v\u1edbi nhi\u1ec1u m\u1ee9c: -5vdc, +5vdc, -15vdc, +15vdc, +24vdc, +24E, 100vac, 200vac&#8230;<\/p>\t\t\t\t\t\t<\/div>\n\t\t\t\t<\/div>\n\t\t\t\t<section class=\"elementor-section elementor-inner-section elementor-element elementor-element-5112c819 elementor-section-boxed elementor-section-height-default elementor-section-height-default\" data-id=\"5112c819\" data-element_type=\"section\">\n\t\t\t\t\t\t<div class=\"elementor-container elementor-column-gap-default\">\n\t\t\t\t\t<div class=\"elementor-column elementor-col-50 elementor-inner-column elementor-element elementor-element-4f48654c\" data-id=\"4f48654c\" data-element_type=\"column\">\n\t\t\t<div class=\"elementor-widget-wrap elementor-element-populated\">\n\t\t\t\t\t\t\t\t<div class=\"elementor-element elementor-element-13360372 elementor-widget elementor-widget-heading\" data-id=\"13360372\" data-element_type=\"widget\" data-widget_type=\"heading.default\">\n\t\t\t\t<div class=\"elementor-widget-container\">\n\t\t\t<h3 class=\"elementor-heading-title elementor-size-default\">S\u1ed1 d\u1ecbch v\u1ee5 x\u1eed l\u00fd trong n\u0103m 2023<\/h3>\t\t<\/div>\n\t\t\t\t<\/div>\n\t\t\t\t<div class=\"elementor-element elementor-element-1853637d elementor-widget__width-auto elementor-widget elementor-widget-counter\" data-id=\"1853637d\" data-element_type=\"widget\" data-widget_type=\"counter.default\">\n\t\t\t\t<div class=\"elementor-widget-container\">\n\t\t\t\t\t<div class=\"elementor-counter\">\n\t\t\t<div class=\"elementor-counter-number-wrapper\">\n\t\t\t\t<span class=\"elementor-counter-number-prefix\"><\/span>\n\t\t\t\t<span class=\"elementor-counter-number\" data-duration=\"2000\" data-to-value=\"520\" data-from-value=\"0\" data-delimiter=\",\">0<\/span>\n\t\t\t\t<span class=\"elementor-counter-number-suffix\"><\/span>\n\t\t\t<\/div>\n\t\t\t\t\t<\/div>\n\t\t\t\t<\/div>\n\t\t\t\t<\/div>\n\t\t\t\t\t<\/div>\n\t\t<\/div>\n\t\t\t\t<div class=\"elementor-column elementor-col-50 elementor-inner-column elementor-element elementor-element-704608f0\" data-id=\"704608f0\" data-element_type=\"column\">\n\t\t\t<div class=\"elementor-widget-wrap elementor-element-populated\">\n\t\t\t\t\t\t\t\t<div class=\"elementor-element elementor-element-35ed4fa6 elementor-widget elementor-widget-heading\" data-id=\"35ed4fa6\" data-element_type=\"widget\" data-widget_type=\"heading.default\">\n\t\t\t\t<div class=\"elementor-widget-container\">\n\t\t\t<h3 class=\"elementor-heading-title elementor-size-default\">Th\u1eddi gian \u0111\u00e1p \u1ee9ng<\/h3>\t\t<\/div>\n\t\t\t\t<\/div>\n\t\t\t\t<div class=\"elementor-element elementor-element-93286e4 elementor-widget__width-auto elementor-widget elementor-widget-counter\" data-id=\"93286e4\" data-element_type=\"widget\" data-widget_type=\"counter.default\">\n\t\t\t\t<div class=\"elementor-widget-container\">\n\t\t\t\t\t<div class=\"elementor-counter\">\n\t\t\t<div class=\"elementor-counter-number-wrapper\">\n\t\t\t\t<span class=\"elementor-counter-number-prefix\"><\/span>\n\t\t\t\t<span class=\"elementor-counter-number\" data-duration=\"2000\" data-to-value=\"45\" data-from-value=\"0\" data-delimiter=\",\">0<\/span>\n\t\t\t\t<span class=\"elementor-counter-number-suffix\">min<\/span>\n\t\t\t<\/div>\n\t\t\t\t\t<\/div>\n\t\t\t\t<\/div>\n\t\t\t\t<\/div>\n\t\t\t\t\t<\/div>\n\t\t<\/div>\n\t\t\t\t\t\t\t<\/div>\n\t\t<\/section>\n\t\t\t\t<div class=\"elementor-element elementor-element-18383b97 elementor-button-info elementor-widget__width-inherit elementor-align-justify elementor-tablet-align-center elementor-mobile-align-justify elementor-widget elementor-widget-button\" data-id=\"18383b97\" data-element_type=\"widget\" data-widget_type=\"button.default\">\n\t\t\t\t<div class=\"elementor-widget-container\">\n\t\t\t\t\t<div class=\"elementor-button-wrapper\">\n\t\t\t<a href=\"https:\/\/savovietnam.com\/index.php\/lien-he\/\" class=\"elementor-button-link elementor-button elementor-size-md elementor-animation-bob\" role=\"button\">\n\t\t\t\t\t\t<span class=\"elementor-button-content-wrapper\">\n\t\t\t\t\t\t<span class=\"elementor-button-icon elementor-align-icon-right\">\n\t\t\t\t<i aria-hidden=\"true\" class=\"fas fa-angle-right\"><\/i>\t\t\t<\/span>\n\t\t\t\t\t\t<span class=\"elementor-button-text\">Li\u00ean h\u1ec7 ngay<\/span>\n\t\t<\/span>\n\t\t\t\t\t<\/a>\n\t\t<\/div>\n\t\t\t\t<\/div>\n\t\t\t\t<\/div>\n\t\t\t\t\t<\/div>\n\t\t<\/div>\n\t\t\t\t\t\t\t<\/div>\n\t\t<\/section>\n\t\t\t\t<section class=\"elementor-section elementor-top-section elementor-element elementor-element-2a26add4 elementor-section-full_width elementor-section-height-default elementor-section-height-default\" data-id=\"2a26add4\" data-element_type=\"section\">\n\t\t\t\t\t\t<div class=\"elementor-container elementor-column-gap-no\">\n\t\t\t\t\t<div class=\"elementor-column elementor-col-100 elementor-top-column elementor-element elementor-element-3bfb4619\" data-id=\"3bfb4619\" data-element_type=\"column\">\n\t\t\t<div class=\"elementor-widget-wrap elementor-element-populated\">\n\t\t\t\t\t\t\t\t\t<\/div>\n\t\t<\/div>\n\t\t\t\t\t\t\t<\/div>\n\t\t<\/section>\n\t\t\t\t\t\t<\/div>\n\t\t\t\t\t<\/div>\n\t\t","protected":false},"excerpt":{"rendered":"<p>quickly repaire Spindle head bearing change Thay th\u1ebf v\u00f2ng bi tr\u1ee5c ch\u00ednh l\u00e0 h\u1ea1ng m\u1ee5c c\u1ea7n th\u1ef1c hi\u1ec7n s\u1edbm \u0111\u1ec3 h\u1ea1n ch\u1ebf h\u01b0 n\u1eb7ng th\u00eam c\u00e1c h\u1ea1ng m\u1ee5c kh\u00e1c nh\u01b0 k\u1eb9p r\u00fat, b\u00e1nh r\u0103ng, h\u1ea1n ch\u1ebf h\u01b0 h\u1ebft c\u00e1c v\u00f2ng bi li\u00ean quan.. . x\u1eed l\u00fd theo lo\u1ea1i C\u00f3 m\u1ed9t s\u1ed1 lo\u1ea1i tr\u1ee5c ch\u00ednh kh\u00e1c &hellip;<\/p>\n<p class=\"read-more\"> <a class=\"\" href=\"https:\/\/savovietnam.com\/index.php\/dich-vu\/\"> <span class=\"screen-reader-text\">D\u1ecbch v\u1ee5<\/span> Read More &raquo;<\/a><\/p>\n","protected":false},"author":1,"featured_media":0,"parent":0,"menu_order":0,"comment_status":"closed","ping_status":"closed","template":"","meta":{"footnotes":""},"class_list":["post-12","page","type-page","status-publish","hentry"],"_links":{"self":[{"href":"https:\/\/savovietnam.com\/index.php\/wp-json\/wp\/v2\/pages\/12","targetHints":{"allow":["GET"]}}],"collection":[{"href":"https:\/\/savovietnam.com\/index.php\/wp-json\/wp\/v2\/pages"}],"about":[{"href":"https:\/\/savovietnam.com\/index.php\/wp-json\/wp\/v2\/types\/page"}],"author":[{"embeddable":true,"href":"https:\/\/savovietnam.com\/index.php\/wp-json\/wp\/v2\/users\/1"}],"replies":[{"embeddable":true,"href":"https:\/\/savovietnam.com\/index.php\/wp-json\/wp\/v2\/comments?post=12"}],"version-history":[{"count":25,"href":"https:\/\/savovietnam.com\/index.php\/wp-json\/wp\/v2\/pages\/12\/revisions"}],"predecessor-version":[{"id":9979,"href":"https:\/\/savovietnam.com\/index.php\/wp-json\/wp\/v2\/pages\/12\/revisions\/9979"}],"wp:attachment":[{"href":"https:\/\/savovietnam.com\/index.php\/wp-json\/wp\/v2\/media?parent=12"}],"curies":[{"name":"wp","href":"https:\/\/api.w.org\/{rel}","templated":true}]}}